{"id":6590,"date":"2025-03-25T19:10:59","date_gmt":"2025-03-25T18:10:59","guid":{"rendered":"https:\/\/mofiser.com\/tienda\/?post_type=product&#038;p=6590"},"modified":"2025-03-26T17:50:41","modified_gmt":"2025-03-26T16:50:41","slug":"melania-negra","status":"publish","type":"product","link":"https:\/\/mofiser.com\/tienda\/producto\/melania-negra\/","title":{"rendered":"Melania"},"content":{"rendered":"<div class=\"elementor-element elementor-element-b9ff2ba wd-single-content elementor-widget elementor-widget-wd_single_product_content\" data-id=\"b9ff2ba\" data-element_type=\"widget\" data-widget_type=\"wd_single_product_content.default\">\n<div class=\"elementor-widget-container\">\n<div class=\"elementor-element elementor-element-b9ff2ba wd-single-content elementor-widget elementor-widget-wd_single_product_content\" data-id=\"b9ff2ba\" data-element_type=\"widget\" data-widget_type=\"wd_single_product_content.default\">\n<div class=\"elementor-widget-container\">\n<p>Presentamos el siguiente modelo:<\/p>\n<p><em>(Si quieres personalizarlo a\u00fan m\u00e1s de lo que disponemos en nuestra web, por favor cont\u00e1ctanos).<\/em><\/p>\n<p>&nbsp;<\/p>\n<p>&nbsp;<\/p>\n<p><strong>Melania Negra:<\/strong><\/p>\n<p>\u2013 Mecanismo Sincro: El respaldo y el asiento se desplazan hacia atr\u00e1s con el movimiento del usuario para una mejor posici\u00f3n de espalda.<\/p>\n<p>\u2013 Elevaci\u00f3n neum\u00e1tica: Para cambiar la altura del asiento.<\/p>\n<p>\u2013 Respaldo traspirable: Hecho de malla de color a elegir, regulable en altura y con regulaci\u00f3n lumbar.<\/p>\n<p>\u2013 Asiento: De goma y color a elegir.<\/p>\n<p>\u2013 Brazos: Con regulaci\u00f3n en altura y profundidad.<\/p>\n<p>\u2013 Ruedas: Negras.<\/p>\n<p>\u2013 Base estrellada: De poliamida negra.<\/p>\n<p>\u2013 Env\u00edo directo <strong>(Opcional, +31\u20ac)<\/strong>: No necesitas pasar por nuestra tienda a recogerlo, te llegar\u00e1 <strong>A PIE DE CALLE.<\/strong><\/p>\n<\/div>\n<\/div>\n<\/div>\n<\/div>\n","protected":false},"excerpt":{"rendered":"<p>Silla Melania de Luyando System.<\/p>\n<p>Mezcla de calidad y ergonom\u00eda perfecta.<\/p>\n<p>&nbsp;<\/p>\n<p>&nbsp;<\/p>\n<h3 style=\"text-align: center\">Seleccione m\u00e1s abajo toda la personalizaci\u00f3n:<\/h3>\n","protected":false},"featured_media":6663,"template":"","meta":{"_joinchat":[]},"product_cat":[85],"product_tag":[],"class_list":{"0":"post-6590","1":"product","2":"type-product","3":"status-publish","4":"has-post-thumbnail","6":"product_cat-sillas-de-oficina","8":"first","9":"instock","10":"taxable","11":"shipping-taxable","12":"purchasable","13":"product-type-variable"},"_links":{"self":[{"href":"https:\/\/mofiser.com\/tienda\/wp-json\/wp\/v2\/product\/6590","targetHints":{"allow":["GET"]}}],"collection":[{"href":"https:\/\/mofiser.com\/tienda\/wp-json\/wp\/v2\/product"}],"about":[{"href":"https:\/\/mofiser.com\/tienda\/wp-json\/wp\/v2\/types\/product"}],"version-history":[{"count":3,"href":"https:\/\/mofiser.com\/tienda\/wp-json\/wp\/v2\/product\/6590\/revisions"}],"predecessor-version":[{"id":6690,"href":"https:\/\/mofiser.com\/tienda\/wp-json\/wp\/v2\/product\/6590\/revisions\/6690"}],"wp:featuredmedia":[{"embeddable":true,"href":"https:\/\/mofiser.com\/tienda\/wp-json\/wp\/v2\/media\/6663"}],"wp:attachment":[{"href":"https:\/\/mofiser.com\/tienda\/wp-json\/wp\/v2\/media?parent=6590"}],"wp:term":[{"taxonomy":"product_cat","embeddable":true,"href":"https:\/\/mofiser.com\/tienda\/wp-json\/wp\/v2\/product_cat?post=6590"},{"taxonomy":"product_tag","embeddable":true,"href":"https:\/\/mofiser.com\/tienda\/wp-json\/wp\/v2\/product_tag?post=6590"}],"curies":[{"name":"wp","href":"https:\/\/api.w.org\/{rel}","templated":true}]}}