{"id":6319,"date":"2025-03-17T10:54:26","date_gmt":"2025-03-17T09:54:26","guid":{"rendered":"https:\/\/mofiser.com\/tienda\/?post_type=product&#038;p=6319"},"modified":"2025-03-18T12:21:43","modified_gmt":"2025-03-18T11:21:43","slug":"brisa","status":"publish","type":"product","link":"https:\/\/mofiser.com\/tienda\/producto\/brisa\/","title":{"rendered":"Brisa"},"content":{"rendered":"<p>Disponemos de cinco diferentes modelos. Dependiendo de sus medidas:<\/p>\n<p>&nbsp;<\/p>\n<p><strong>Brisa (41 cm), <\/strong><strong>(61 cm), <\/strong><strong>(81 cm),<\/strong><strong> (121&#215;60 cm), <\/strong><strong>(152&#215;41 cm):<\/strong><\/p>\n<p>\u2013 Estructura: De tablero aglomerado.<\/p>\n<p>\u2013 Base: A elegir entre una pieza de panel de madera compactada de espesor 15 mm o dejarlo sin ning\u00fan tipo de base (La versi\u00f3n m\u00e1s grande 152&#215;41 cm <strong>no<\/strong> dispone de la opci\u00f3n sin z\u00f3calo). La versi\u00f3n de 41 cm tambi\u00e9n permite una estructura de ruedas de acero de 12mm, las dem\u00e1s versiones <strong>no<\/strong> tienen esta opci\u00f3n.<\/p>\n<p>\u2013 Asa (Opcional <strong>+83\u20ac<\/strong>): El puf m\u00e1s peque\u00f1o (di\u00e1metro 41 cm) dispone de la posibilidad de una asa de piel para su f\u00e1cil transporte.<\/p>\n<p>\u2013 Tomas de corriente incorporadas (Opcional <strong>+64\u20ac<\/strong>): Para facilitar la conexi\u00f3n de dispositivos electr\u00f3nicos, se integra en el z\u00f3calo de madera del puf (<strong>No<\/strong> disponible para pufs de di\u00e1metro 41 cm o sin z\u00f3calo).<\/p>\n<p>\u2013 Puerto USB (Opcional <strong>+43\u20ac<\/strong>): Permite conectar dispositivos electr\u00f3nicos. Se integra en el z\u00f3calo de madera del puf (<strong>No <\/strong>disponible para pufs de di\u00e1metro 41 cm o sin z\u00f3calo).<\/p>\n","protected":false},"excerpt":{"rendered":"<p>Puf Brisa de EsPattio.<\/p>\n<p>Dise\u00f1o flexible que se mueven e interact\u00faan contigo.<\/p>\n<p><strong>Precio m\u00ednimo informativo. Si deseas consultar las medidas, los complementos y sus precios exactos, por favor cont\u00e1ctanos.<br \/>\n<\/strong><\/p>\n","protected":false},"featured_media":6408,"template":"","meta":{"_joinchat":[]},"product_cat":[322],"product_tag":[],"class_list":{"0":"post-6319","1":"product","2":"type-product","3":"status-publish","4":"has-post-thumbnail","6":"product_cat-muebles-contract","8":"first","9":"instock","10":"taxable","11":"shipping-taxable","12":"purchasable","13":"product-type-variable"},"_links":{"self":[{"href":"https:\/\/mofiser.com\/tienda\/wp-json\/wp\/v2\/product\/6319","targetHints":{"allow":["GET"]}}],"collection":[{"href":"https:\/\/mofiser.com\/tienda\/wp-json\/wp\/v2\/product"}],"about":[{"href":"https:\/\/mofiser.com\/tienda\/wp-json\/wp\/v2\/types\/product"}],"version-history":[{"count":5,"href":"https:\/\/mofiser.com\/tienda\/wp-json\/wp\/v2\/product\/6319\/revisions"}],"predecessor-version":[{"id":6365,"href":"https:\/\/mofiser.com\/tienda\/wp-json\/wp\/v2\/product\/6319\/revisions\/6365"}],"wp:featuredmedia":[{"embeddable":true,"href":"https:\/\/mofiser.com\/tienda\/wp-json\/wp\/v2\/media\/6408"}],"wp:attachment":[{"href":"https:\/\/mofiser.com\/tienda\/wp-json\/wp\/v2\/media?parent=6319"}],"wp:term":[{"taxonomy":"product_cat","embeddable":true,"href":"https:\/\/mofiser.com\/tienda\/wp-json\/wp\/v2\/product_cat?post=6319"},{"taxonomy":"product_tag","embeddable":true,"href":"https:\/\/mofiser.com\/tienda\/wp-json\/wp\/v2\/product_tag?post=6319"}],"curies":[{"name":"wp","href":"https:\/\/api.w.org\/{rel}","templated":true}]}}