{"id":6058,"date":"2025-02-24T18:21:53","date_gmt":"2025-02-24T17:21:53","guid":{"rendered":"https:\/\/mofiser.com\/tienda\/?post_type=product&#038;p=6058"},"modified":"2025-02-24T18:56:21","modified_gmt":"2025-02-24T17:56:21","slug":"seating-step","status":"publish","type":"product","link":"https:\/\/mofiser.com\/tienda\/producto\/seating-step\/","title":{"rendered":"Seating Step"},"content":{"rendered":"<p><strong>Seating Step:<\/strong><\/p>\n<p>\u2013 Gradas: Fabricadas de melamina con tablero aglomerado, de acabado a elegir.<\/p>\n<p>\u2013 Ruedas: Ocho ruedas plata giratorias para su f\u00e1cil desplazamiento.<\/p>\n<p>\u2013 Complementos: Posible elegir coj\u00edn <strong>(+90\u20ac por coj\u00edn) <\/strong>y puertas para los laterales de la grada <strong>(+44,16\u20ac por puerta)<\/strong>. <em>Si desea alguno de estos complementos, por favor comun\u00edquenos el qu\u00e9 y cu\u00e1ntos querr\u00eda.<\/em><\/p>\n","protected":false},"excerpt":{"rendered":"<p>Seating Step (Grada) de Mobel L\u00ednea.<\/p>\n<p>Trabaja en compa\u00f1\u00eda y comodidad.<\/p>\n<p>&nbsp;<\/p>\n<p>&nbsp;<\/p>\n<h3 style=\"text-align: center\">Seleccione m\u00e1s abajo el acabado:<\/h3>\n","protected":false},"featured_media":6060,"template":"","meta":{"_joinchat":[]},"product_cat":[130],"product_tag":[],"class_list":{"0":"post-6058","1":"product","2":"type-product","3":"status-publish","4":"has-post-thumbnail","6":"product_cat-muebles-coworking","8":"first","9":"instock","10":"taxable","11":"shipping-taxable","12":"purchasable","13":"product-type-variable"},"_links":{"self":[{"href":"https:\/\/mofiser.com\/tienda\/wp-json\/wp\/v2\/product\/6058","targetHints":{"allow":["GET"]}}],"collection":[{"href":"https:\/\/mofiser.com\/tienda\/wp-json\/wp\/v2\/product"}],"about":[{"href":"https:\/\/mofiser.com\/tienda\/wp-json\/wp\/v2\/types\/product"}],"version-history":[{"count":6,"href":"https:\/\/mofiser.com\/tienda\/wp-json\/wp\/v2\/product\/6058\/revisions"}],"predecessor-version":[{"id":6083,"href":"https:\/\/mofiser.com\/tienda\/wp-json\/wp\/v2\/product\/6058\/revisions\/6083"}],"wp:featuredmedia":[{"embeddable":true,"href":"https:\/\/mofiser.com\/tienda\/wp-json\/wp\/v2\/media\/6060"}],"wp:attachment":[{"href":"https:\/\/mofiser.com\/tienda\/wp-json\/wp\/v2\/media?parent=6058"}],"wp:term":[{"taxonomy":"product_cat","embeddable":true,"href":"https:\/\/mofiser.com\/tienda\/wp-json\/wp\/v2\/product_cat?post=6058"},{"taxonomy":"product_tag","embeddable":true,"href":"https:\/\/mofiser.com\/tienda\/wp-json\/wp\/v2\/product_tag?post=6058"}],"curies":[{"name":"wp","href":"https:\/\/api.w.org\/{rel}","templated":true}]}}