{"id":6044,"date":"2025-02-24T16:50:40","date_gmt":"2025-02-24T15:50:40","guid":{"rendered":"https:\/\/mofiser.com\/tienda\/?post_type=product&#038;p=6044"},"modified":"2025-03-10T17:10:34","modified_gmt":"2025-03-10T16:10:34","slug":"pack-3-reposapies-referencia-103","status":"publish","type":"product","link":"https:\/\/mofiser.com\/tienda\/producto\/pack-3-reposapies-referencia-103\/","title":{"rendered":"Pack 3 Reposapi\u00e9s &#8211; Referencia 103"},"content":{"rendered":"<p><strong>Reposapi\u00e9s met\u00e1lico ergon\u00f3mico oxid\u00f3n<\/strong> con:<\/p>\n<p>\u2013 Regulaci\u00f3n de la inclinaci\u00f3n hasta 160 mm.<\/p>\n<p>\u2013 Base con tacos de goma antideslizante.<\/p>\n<p>\u2013 Superficie para apoyo de los pies antideslizante de pol\u00edmero texturizado.<\/p>\n<p>\u2013 De chapa de acero.<\/p>\n","protected":false},"excerpt":{"rendered":"<p>Pack de 3 de Reposapi\u00e9s Referencia 103 de Sie.<\/p>\n","protected":false},"featured_media":6045,"template":"","meta":{"_joinchat":[]},"product_cat":[212],"product_tag":[],"class_list":{"0":"post-6044","1":"product","2":"type-product","3":"status-publish","4":"has-post-thumbnail","6":"product_cat-complementos-de-oficina","8":"first","9":"instock","10":"sale","11":"taxable","12":"shipping-taxable","13":"purchasable","14":"product-type-simple"},"_links":{"self":[{"href":"https:\/\/mofiser.com\/tienda\/wp-json\/wp\/v2\/product\/6044","targetHints":{"allow":["GET"]}}],"collection":[{"href":"https:\/\/mofiser.com\/tienda\/wp-json\/wp\/v2\/product"}],"about":[{"href":"https:\/\/mofiser.com\/tienda\/wp-json\/wp\/v2\/types\/product"}],"version-history":[{"count":3,"href":"https:\/\/mofiser.com\/tienda\/wp-json\/wp\/v2\/product\/6044\/revisions"}],"predecessor-version":[{"id":6057,"href":"https:\/\/mofiser.com\/tienda\/wp-json\/wp\/v2\/product\/6044\/revisions\/6057"}],"wp:featuredmedia":[{"embeddable":true,"href":"https:\/\/mofiser.com\/tienda\/wp-json\/wp\/v2\/media\/6045"}],"wp:attachment":[{"href":"https:\/\/mofiser.com\/tienda\/wp-json\/wp\/v2\/media?parent=6044"}],"wp:term":[{"taxonomy":"product_cat","embeddable":true,"href":"https:\/\/mofiser.com\/tienda\/wp-json\/wp\/v2\/product_cat?post=6044"},{"taxonomy":"product_tag","embeddable":true,"href":"https:\/\/mofiser.com\/tienda\/wp-json\/wp\/v2\/product_tag?post=6044"}],"curies":[{"name":"wp","href":"https:\/\/api.w.org\/{rel}","templated":true}]}}