{"id":6039,"date":"2025-02-24T16:49:24","date_gmt":"2025-02-24T15:49:24","guid":{"rendered":"https:\/\/mofiser.com\/tienda\/?post_type=product&#038;p=6039"},"modified":"2025-03-10T17:11:15","modified_gmt":"2025-03-10T16:11:15","slug":"pack-4-reposapies-referencia-102","status":"publish","type":"product","link":"https:\/\/mofiser.com\/tienda\/producto\/pack-4-reposapies-referencia-102\/","title":{"rendered":"Pack 4 Reposapi\u00e9s &#8211; Referencia 102"},"content":{"rendered":"<p><strong>Reposapi\u00e9s ergon\u00f3mico negro<\/strong> con:<\/p>\n<p>\u2013 Regulaci\u00f3n de inclinaci\u00f3n con la posici\u00f3n de dos patas traseras.<\/p>\n<p>\u2013 Superficie antideslizante.<\/p>\n<p>\u2013 Pl\u00e1stico de alta resistencia (Abs).<\/p>\n","protected":false},"excerpt":{"rendered":"<p>Pack de 4 de Reposapi\u00e9s Referencia 102 de Sie.<\/p>\n","protected":false},"featured_media":6041,"template":"","meta":{"_joinchat":[]},"product_cat":[212],"product_tag":[],"class_list":{"0":"post-6039","1":"product","2":"type-product","3":"status-publish","4":"has-post-thumbnail","6":"product_cat-complementos-de-oficina","8":"first","9":"instock","10":"sale","11":"taxable","12":"shipping-taxable","13":"purchasable","14":"product-type-simple"},"_links":{"self":[{"href":"https:\/\/mofiser.com\/tienda\/wp-json\/wp\/v2\/product\/6039","targetHints":{"allow":["GET"]}}],"collection":[{"href":"https:\/\/mofiser.com\/tienda\/wp-json\/wp\/v2\/product"}],"about":[{"href":"https:\/\/mofiser.com\/tienda\/wp-json\/wp\/v2\/types\/product"}],"version-history":[{"count":4,"href":"https:\/\/mofiser.com\/tienda\/wp-json\/wp\/v2\/product\/6039\/revisions"}],"predecessor-version":[{"id":6056,"href":"https:\/\/mofiser.com\/tienda\/wp-json\/wp\/v2\/product\/6039\/revisions\/6056"}],"wp:featuredmedia":[{"embeddable":true,"href":"https:\/\/mofiser.com\/tienda\/wp-json\/wp\/v2\/media\/6041"}],"wp:attachment":[{"href":"https:\/\/mofiser.com\/tienda\/wp-json\/wp\/v2\/media?parent=6039"}],"wp:term":[{"taxonomy":"product_cat","embeddable":true,"href":"https:\/\/mofiser.com\/tienda\/wp-json\/wp\/v2\/product_cat?post=6039"},{"taxonomy":"product_tag","embeddable":true,"href":"https:\/\/mofiser.com\/tienda\/wp-json\/wp\/v2\/product_tag?post=6039"}],"curies":[{"name":"wp","href":"https:\/\/api.w.org\/{rel}","templated":true}]}}