{"id":6030,"date":"2025-02-24T16:47:23","date_gmt":"2025-02-24T15:47:23","guid":{"rendered":"https:\/\/mofiser.com\/tienda\/?post_type=product&#038;p=6030"},"modified":"2025-03-10T17:11:58","modified_gmt":"2025-03-10T16:11:58","slug":"pack-5-reposapies-referencia-101","status":"publish","type":"product","link":"https:\/\/mofiser.com\/tienda\/producto\/pack-5-reposapies-referencia-101\/","title":{"rendered":"Pack 5 Reposapi\u00e9s &#8211; Referencia 101"},"content":{"rendered":"<div class=\"elementor-element elementor-element-b9ff2ba wd-single-content elementor-widget elementor-widget-wd_single_product_content\" data-id=\"b9ff2ba\" data-element_type=\"widget\" data-widget_type=\"wd_single_product_content.default\">\n<div class=\"elementor-widget-container\">\n<p><strong>Reposapi\u00e9s ergon\u00f3mico negro<\/strong> con:<\/p>\n<p>\u2013 Regulaci\u00f3n de inclinaci\u00f3n con una simple presi\u00f3n de pies.<\/p>\n<p>\u2013 Superficie antideslizante.<\/p>\n<p>\u2013 Pl\u00e1stico de alta resistencia (Abs).<\/p>\n<\/div>\n<\/div>\n","protected":false},"excerpt":{"rendered":"<p>Pack de 5 de Reposapi\u00e9s Referencia 101 de Sie.<\/p>\n","protected":false},"featured_media":6031,"template":"","meta":{"_joinchat":[]},"product_cat":[212],"product_tag":[],"class_list":{"0":"post-6030","1":"product","2":"type-product","3":"status-publish","4":"has-post-thumbnail","6":"product_cat-complementos-de-oficina","8":"first","9":"instock","10":"sale","11":"taxable","12":"shipping-taxable","13":"purchasable","14":"product-type-simple"},"_links":{"self":[{"href":"https:\/\/mofiser.com\/tienda\/wp-json\/wp\/v2\/product\/6030","targetHints":{"allow":["GET"]}}],"collection":[{"href":"https:\/\/mofiser.com\/tienda\/wp-json\/wp\/v2\/product"}],"about":[{"href":"https:\/\/mofiser.com\/tienda\/wp-json\/wp\/v2\/types\/product"}],"version-history":[{"count":5,"href":"https:\/\/mofiser.com\/tienda\/wp-json\/wp\/v2\/product\/6030\/revisions"}],"predecessor-version":[{"id":6055,"href":"https:\/\/mofiser.com\/tienda\/wp-json\/wp\/v2\/product\/6030\/revisions\/6055"}],"wp:featuredmedia":[{"embeddable":true,"href":"https:\/\/mofiser.com\/tienda\/wp-json\/wp\/v2\/media\/6031"}],"wp:attachment":[{"href":"https:\/\/mofiser.com\/tienda\/wp-json\/wp\/v2\/media?parent=6030"}],"wp:term":[{"taxonomy":"product_cat","embeddable":true,"href":"https:\/\/mofiser.com\/tienda\/wp-json\/wp\/v2\/product_cat?post=6030"},{"taxonomy":"product_tag","embeddable":true,"href":"https:\/\/mofiser.com\/tienda\/wp-json\/wp\/v2\/product_tag?post=6030"}],"curies":[{"name":"wp","href":"https:\/\/api.w.org\/{rel}","templated":true}]}}