{"id":4506,"date":"2025-01-22T20:10:34","date_gmt":"2025-01-22T19:10:34","guid":{"rendered":"https:\/\/mofiser.com\/tienda\/?post_type=product&#038;p=4506"},"modified":"2025-03-17T11:05:20","modified_gmt":"2025-03-17T10:05:20","slug":"cyl-monocolor","status":"publish","type":"product","link":"https:\/\/mofiser.com\/tienda\/producto\/cyl-monocolor\/","title":{"rendered":"Cyl Monocolor"},"content":{"rendered":"<p>Disponemos del siguiente modelo:<\/p>\n<p><em>(Si buscas los otros modelos, por favor cont\u00e1ctanos).<\/em><\/p>\n<p>&nbsp;<\/p>\n<p>&nbsp;<\/p>\n<p><strong>Asiento Cyl Monocolor:<\/strong><\/p>\n<p>\u2013 Estructura: Cubierto al completo por espuma.<\/p>\n<p>\u2013 Asa: Para facilitar su transporte.<\/p>\n<p>\u2013 Tapicer\u00eda: Color a elegir.<\/p>\n<p><strong>**Si elige el color gris oscuro, el env\u00edo ser\u00e1 m\u00e1s r\u00e1pido**.<\/strong><\/p>\n<p>\u2013 Base: Lacado en negro.<\/p>\n","protected":false},"excerpt":{"rendered":"<p>Asiento Cyl de Grupo Forma 5.<\/p>\n<p>Para espacios vivos, con chispa.<\/p>\n<p>&nbsp;<\/p>\n<p>&nbsp;<\/p>\n<h3 style=\"text-align: center\">Seleccione m\u00e1s abajo el color:<\/h3>\n","protected":false},"featured_media":4507,"template":"","meta":{"_joinchat":[]},"product_cat":[322,129],"product_tag":[],"class_list":{"0":"post-4506","1":"product","2":"type-product","3":"status-publish","4":"has-post-thumbnail","6":"product_cat-muebles-contract","7":"product_cat-muebles-teletrabajo","9":"first","10":"instock","11":"sale","12":"taxable","13":"shipping-taxable","14":"purchasable","15":"product-type-variable"},"_links":{"self":[{"href":"https:\/\/mofiser.com\/tienda\/wp-json\/wp\/v2\/product\/4506","targetHints":{"allow":["GET"]}}],"collection":[{"href":"https:\/\/mofiser.com\/tienda\/wp-json\/wp\/v2\/product"}],"about":[{"href":"https:\/\/mofiser.com\/tienda\/wp-json\/wp\/v2\/types\/product"}],"version-history":[{"count":2,"href":"https:\/\/mofiser.com\/tienda\/wp-json\/wp\/v2\/product\/4506\/revisions"}],"predecessor-version":[{"id":4519,"href":"https:\/\/mofiser.com\/tienda\/wp-json\/wp\/v2\/product\/4506\/revisions\/4519"}],"wp:featuredmedia":[{"embeddable":true,"href":"https:\/\/mofiser.com\/tienda\/wp-json\/wp\/v2\/media\/4507"}],"wp:attachment":[{"href":"https:\/\/mofiser.com\/tienda\/wp-json\/wp\/v2\/media?parent=4506"}],"wp:term":[{"taxonomy":"product_cat","embeddable":true,"href":"https:\/\/mofiser.com\/tienda\/wp-json\/wp\/v2\/product_cat?post=4506"},{"taxonomy":"product_tag","embeddable":true,"href":"https:\/\/mofiser.com\/tienda\/wp-json\/wp\/v2\/product_tag?post=4506"}],"curies":[{"name":"wp","href":"https:\/\/api.w.org\/{rel}","templated":true}]}}