{"id":4357,"date":"2025-01-20T17:52:27","date_gmt":"2025-01-20T16:52:27","guid":{"rendered":"https:\/\/mofiser.com\/tienda\/?post_type=product&#038;p=4357"},"modified":"2025-03-10T18:36:45","modified_gmt":"2025-03-10T17:36:45","slug":"bloom-top","status":"publish","type":"product","link":"https:\/\/mofiser.com\/tienda\/producto\/bloom-top\/","title":{"rendered":"Bloom TOP"},"content":{"rendered":"<div class=\"elementor-element elementor-element-b9ff2ba wd-single-content elementor-widget elementor-widget-wd_single_product_content\" data-id=\"b9ff2ba\" data-element_type=\"widget\" data-widget_type=\"wd_single_product_content.default\">\n<div class=\"elementor-widget-container\">\n<p>Presentamos el siguiente modelo:<\/p>\n<p><em>(Si quieres personalizarlo a\u00fan m\u00e1s de lo que disponemos en nuestra web, por favor cont\u00e1ctanos).<\/em><\/p>\n<p>&nbsp;<\/p>\n<p>&nbsp;<\/p>\n<p><strong>Silla Bloom TOP:<\/strong><\/p>\n<p>\u2013 Mecanismo Sincro: El respaldo y el asiento se desplazan hacia atr\u00e1s con el movimiento del usuario para una mejor posici\u00f3n de espalda.<\/p>\n<p>\u2013 Elevaci\u00f3n neum\u00e1tica: Para cambiar la altura del asiento.<\/p>\n<p>\u2013 Respaldo traspirable: Malla t\u00e9cnica y colores a elegir.<\/p>\n<p>\u2013 Marco del respaldo: Negro y con regulaci\u00f3n lumbar.<\/p>\n<p>\u2013 Asiento Confort: Tapizado con color a elegir. De mayor dimensi\u00f3n que el standard con espuma de alta densidad.<\/p>\n<p>\u2013 Brazos: Con regulaci\u00f3n en altura y profundidad.<\/p>\n<p>\u2013 Ruedas dobles: Ruedas blandas.<\/p>\n<p>\u2013 Base estrellada: A elegir entre poliamida negra y aluminio pulido, <strong>(+34\u20ac)<\/strong>.<\/p>\n<p>\u2013 Cabezal <strong>(Opcional, +67\u20ac)<\/strong>: Regulable en altura y con giro.<\/p>\n<p>\u2013 Env\u00edo directo <strong>(Opcional, +31\u20ac)<\/strong>: No necesitas pasar por nuestra tienda a recogerlo, te llegar\u00e1 <strong>A PIE DE CALLE.<\/strong><\/p>\n<\/div>\n<\/div>\n","protected":false},"excerpt":{"rendered":"<p>Silla Bloom TOP de Luyando System.<\/p>\n<p>Calidad, ergonom\u00eda y medio ambiente llevados m\u00e1s all\u00e1.<\/p>\n<p>&nbsp;<\/p>\n<p>&nbsp;<\/p>\n<h3 style=\"text-align: center\">Seleccione m\u00e1s abajo toda la personalizaci\u00f3n:<\/h3>\n","protected":false},"featured_media":4358,"template":"","meta":{"_joinchat":[]},"product_cat":[85],"product_tag":[],"class_list":{"0":"post-4357","1":"product","2":"type-product","3":"status-publish","4":"has-post-thumbnail","6":"product_cat-sillas-de-oficina","8":"first","9":"instock","10":"sale","11":"taxable","12":"shipping-taxable","13":"purchasable","14":"product-type-variable"},"_links":{"self":[{"href":"https:\/\/mofiser.com\/tienda\/wp-json\/wp\/v2\/product\/4357","targetHints":{"allow":["GET"]}}],"collection":[{"href":"https:\/\/mofiser.com\/tienda\/wp-json\/wp\/v2\/product"}],"about":[{"href":"https:\/\/mofiser.com\/tienda\/wp-json\/wp\/v2\/types\/product"}],"version-history":[{"count":7,"href":"https:\/\/mofiser.com\/tienda\/wp-json\/wp\/v2\/product\/4357\/revisions"}],"predecessor-version":[{"id":6213,"href":"https:\/\/mofiser.com\/tienda\/wp-json\/wp\/v2\/product\/4357\/revisions\/6213"}],"wp:featuredmedia":[{"embeddable":true,"href":"https:\/\/mofiser.com\/tienda\/wp-json\/wp\/v2\/media\/4358"}],"wp:attachment":[{"href":"https:\/\/mofiser.com\/tienda\/wp-json\/wp\/v2\/media?parent=4357"}],"wp:term":[{"taxonomy":"product_cat","embeddable":true,"href":"https:\/\/mofiser.com\/tienda\/wp-json\/wp\/v2\/product_cat?post=4357"},{"taxonomy":"product_tag","embeddable":true,"href":"https:\/\/mofiser.com\/tienda\/wp-json\/wp\/v2\/product_tag?post=4357"}],"curies":[{"name":"wp","href":"https:\/\/api.w.org\/{rel}","templated":true}]}}