{"id":2488,"date":"2025-01-03T11:42:04","date_gmt":"2025-01-03T10:42:04","guid":{"rendered":"https:\/\/mofiser.com\/tienda\/?post_type=product&#038;p=2488"},"modified":"2025-03-18T11:34:40","modified_gmt":"2025-03-18T10:34:40","slug":"cabinas-acusticas-serie-vega","status":"publish","type":"product","link":"https:\/\/mofiser.com\/tienda\/producto\/cabinas-acusticas-serie-vega\/","title":{"rendered":"Cabinas ac\u00fasticas serie Vega"},"content":{"rendered":"<p>El ruido que se puede generar en oficinas con espacios abiertos masificados provoca altos niveles de estr\u00e9s y pueden llegar a afectar a la salud y ser altamente perjudiciales para el buen desarrollo del trabajo diario. Nuestras cabinas son una soluci\u00f3n efectiva para mejorar la calidad del sonido y disminuir los ruidos por problemas de reverberaci\u00f3n en oficinas, donde necesitamos un ambiente tranquilo para trabajar y concentrarse.<\/p>\n<p>VEGA 1 es un oasis en la oficina. En s\u00f3lo 1,06 m\u00b2 gracias a su dise\u00f1o elegante y ergon\u00f3mico con esquinas curvas, ofrece sensaci\u00f3n de confort y amplitud en su interior. Dise\u00f1ada para para atender o realizar llamadas y videollamadas en la oficina con tranquilidad, gracias a su aislamiento y mejora ac\u00fastica mejora la concentraci\u00f3n y ayuda a conectar con el mundo.<br \/>\nEn el interior de la cabina est\u00e1 incluida de serie una espaciosa mesa suspendida donde puede colocar un port\u00e1til o tomar notas durante una llamada telef\u00f3nica. Las conexiones de carga el\u00e9ctrica, la iluminaci\u00f3n LED y el ventilador tambi\u00e9n est\u00e1n equipados de serie.<\/p>\n<p><strong>Ficha T\u00e9cnica:<\/strong><\/p>\n<p>DIMENSIONES Y PESO<\/p>\n<p>Cabina individual VEGA BOX 1 (1 persona)<\/p>\n<p>Dimensiones exteriores: 108 x 99 x 230 cm (LxFxH)<br \/>\nDimensiones interiores: 95 x 96 x 200 cm (LxFxH)<br \/>\nSuperficie en planta: 1,06 m\u00b2<br \/>\nDimensiones mesa: 60 x 35 cm (LxF)<br \/>\nAltura de mesa: 102 cm<br \/>\nPaso libre de puerta: 80 cm<br \/>\nPeso Total: 265 Kg<\/p>\n<p>Cabina doble VEGA BOX 2 (2 personas)<\/p>\n<p>Dimensiones exteriores: 158 x 129 x 230 cm (LxFxH)<br \/>\nDimensiones interiores: 145 x 124 x 200 cm (LxFxH)<br \/>\nSuperficie en planta: 2,00 m\u00b2<br \/>\nPaso libre de puerta: 80 cm<br \/>\nPeso Total: 370 Kg<\/p>\n<p>Cabina VEGA BOX 4 (Hasta 4 personas)<\/p>\n<p>Dimensiones exteriores: 208 x 154 x 230 cm (LxFxH)<br \/>\nDimensiones interiores: 194 x 150 x 200 cm (LxFxH)<br \/>\nSuperficie en planta: 3,20 m\u00b2<br \/>\nPaso libre de puerta: 80 cm<br \/>\nPeso Total: 645 K<\/p>\n<p>VEGA BOX<br \/>\nEstructura exterior:<\/p>\n<p>Aleaci\u00f3n de aluminio extrusionado y paneles de acero de 2 mm de grosor laminado en fr\u00edo de alta calidad. Recubrimiento en pintura electroest\u00e1tica epoxi terminaci\u00f3n color blanco o antracita.<\/p>\n<p>Estructura interior:<br \/>\nMarcos de acero y aluminio, rellenos con panel de espuma aislante t\u00e9rmico y ac\u00fastico. Revestimiento visible con planchas PET de alta densidad de 12 y 9 mm con alta calidad de absorci\u00f3n y mejora ac\u00fastica. Contrachapado reforzado de 16 mm en suelo sobre estructura y vigas de acero. Tapizado con moqueta de alta rotaci\u00f3n, de pelo corto, antiest\u00e1tica y anti-manchas.<\/p>\n<p>Puerta:<\/p>\n<p>Vidrio templado transparente de 10 mm con propiedades de mejora ac\u00fastica, montado en marco de aluminio. Tirador de manivela con cerradura, mecanismo de resbal\u00f3n y pestillo interior.<\/p>\n<p>Pared trasera:<\/p>\n<p>Vidrio templado transparente de 10 mm sobre marco de aluminio y acero.<\/p>\n<p>Mesa estante:<br \/>\nTablero MDF de 25 mm de grosor. Terminaci\u00f3n pintura en polvo color blanco, soportes ocultos de uni\u00f3n a la estructura de acero.<\/p>\n","protected":false},"excerpt":{"rendered":"<p>Cabina individual. Tama\u00f1o: 108x99x230 cm.<br \/>\nEstructura acero y aluminio. Interior equipada con mesa alta, sensor de presencia, iluminaci\u00f3n LED, enchufe, USB de carga, ventilaci\u00f3n y paneles PET ac\u00fasticos.<\/p>\n<p>En el precio incluimos el servicio de la subida del material, el montaje y puesta en marcha de la cabina en sus instalaciones. Se realiza con personal cualificado.<\/p>\n","protected":false},"featured_media":2491,"template":"","meta":{"_joinchat":[]},"product_cat":[130],"product_tag":[],"class_list":{"0":"post-2488","1":"product","2":"type-product","3":"status-publish","4":"has-post-thumbnail","6":"product_cat-muebles-coworking","8":"first","9":"instock","10":"taxable","11":"shipping-taxable","12":"purchasable","13":"product-type-variable"},"_links":{"self":[{"href":"https:\/\/mofiser.com\/tienda\/wp-json\/wp\/v2\/product\/2488","targetHints":{"allow":["GET"]}}],"collection":[{"href":"https:\/\/mofiser.com\/tienda\/wp-json\/wp\/v2\/product"}],"about":[{"href":"https:\/\/mofiser.com\/tienda\/wp-json\/wp\/v2\/types\/product"}],"version-history":[{"count":7,"href":"https:\/\/mofiser.com\/tienda\/wp-json\/wp\/v2\/product\/2488\/revisions"}],"predecessor-version":[{"id":6396,"href":"https:\/\/mofiser.com\/tienda\/wp-json\/wp\/v2\/product\/2488\/revisions\/6396"}],"wp:featuredmedia":[{"embeddable":true,"href":"https:\/\/mofiser.com\/tienda\/wp-json\/wp\/v2\/media\/2491"}],"wp:attachment":[{"href":"https:\/\/mofiser.com\/tienda\/wp-json\/wp\/v2\/media?parent=2488"}],"wp:term":[{"taxonomy":"product_cat","embeddable":true,"href":"https:\/\/mofiser.com\/tienda\/wp-json\/wp\/v2\/product_cat?post=2488"},{"taxonomy":"product_tag","embeddable":true,"href":"https:\/\/mofiser.com\/tienda\/wp-json\/wp\/v2\/product_tag?post=2488"}],"curies":[{"name":"wp","href":"https:\/\/api.w.org\/{rel}","templated":true}]}}