{"id":2330,"date":"2025-01-02T12:38:34","date_gmt":"2025-01-02T11:38:34","guid":{"rendered":"https:\/\/mofiser.com\/tienda\/?post_type=product&#038;p=2330"},"modified":"2025-03-10T16:59:52","modified_gmt":"2025-03-10T15:59:52","slug":"3-60-home-edition","status":"publish","type":"product","link":"https:\/\/mofiser.com\/tienda\/producto\/3-60-home-edition\/","title":{"rendered":"3.60 (Home Edition)"},"content":{"rendered":"<p>Disponemos del siguiente modelo:<\/p>\n<p>&nbsp;<\/p>\n<p>&nbsp;<\/p>\n<p><strong>Silla 3.60:<\/strong><\/p>\n<p><strong>Sin cabezal<\/strong><\/p>\n<p>\u2013\u00a0Mecanismo Sincro: El respaldo y el asiento se desplazar\u00e1n hacia atr\u00e1s con el movimiento del usuario para una mejor posici\u00f3n de la espalda.<\/p>\n<p>\u2013\u00a0Sistema S2S: Permite hacer movimientos laterales.<\/p>\n<p>\u2013\u00a0Trasla: Asiento regulable hacia atr\u00e1s y hacia adelante.<\/p>\n<p>\u2013\u00a0Elevaci\u00f3n neum\u00e1tica: Para cambiar la altura del asiento.<\/p>\n<p>\u2013\u00a0Respaldo traspirable: Con runner 3D a elegir del mismo color del asiento.<\/p>\n<p>\u2013\u00a0Marco del respaldo: Negro y con regulaci\u00f3n lumbar tridimensional.<\/p>\n<p>\u2013\u00a0Asiento: Con espuma inyectada a elegir del mismo color del respaldo.<\/p>\n<p><strong>**Si elige el color gris oscuro, el env\u00edo ser\u00e1 m\u00e1s r\u00e1pido**.<\/strong><\/p>\n<p>\u2013\u00a0Brazos: Regulables en altura, profundidad y \u00e1ngulo.<\/p>\n<p>\u2013\u00a0Ruedas dobles: Rueda blandas ideales para suelo de m\u00e1rmol, parquet y cer\u00e1mica.<\/p>\n<p>\u2013\u00a0Base estrellada: De aluminio pulido.<\/p>\n<p>&nbsp;<\/p>\n<p><strong>Silla 3.60:<\/strong><\/p>\n<p><strong>Con cabezal +75\u20ac<\/strong><\/p>\n<p><em>Se mantienen las especificaciones con el modelo 3.60 sin cabezal, excepto<\/em>:<\/p>\n<p>\u2013\u00a0Cabezal: Regulable en altura y \u00e1ngulo.<\/p>\n","protected":false},"excerpt":{"rendered":"<p>Silla 3.60 de Forma 5.<\/p>\n<p>Con todo el movimiento que necesitas para tu bienestar.<\/p>\n<p>&nbsp;<\/p>\n<p>&nbsp;<\/p>\n<h3 style=\"text-align: center\">Seleccione m\u00e1s abajo el color del asiento y el respaldo y el cabezal:<\/h3>\n","protected":false},"featured_media":2350,"template":"","meta":{"_joinchat":[]},"product_cat":[131],"product_tag":[],"class_list":{"0":"post-2330","1":"product","2":"type-product","3":"status-publish","4":"has-post-thumbnail","6":"product_cat-sillas-teletrabajo","8":"first","9":"instock","10":"sale","11":"taxable","12":"shipping-taxable","13":"purchasable","14":"product-type-variable"},"_links":{"self":[{"href":"https:\/\/mofiser.com\/tienda\/wp-json\/wp\/v2\/product\/2330","targetHints":{"allow":["GET"]}}],"collection":[{"href":"https:\/\/mofiser.com\/tienda\/wp-json\/wp\/v2\/product"}],"about":[{"href":"https:\/\/mofiser.com\/tienda\/wp-json\/wp\/v2\/types\/product"}],"version-history":[{"count":7,"href":"https:\/\/mofiser.com\/tienda\/wp-json\/wp\/v2\/product\/2330\/revisions"}],"predecessor-version":[{"id":6201,"href":"https:\/\/mofiser.com\/tienda\/wp-json\/wp\/v2\/product\/2330\/revisions\/6201"}],"wp:featuredmedia":[{"embeddable":true,"href":"https:\/\/mofiser.com\/tienda\/wp-json\/wp\/v2\/media\/2350"}],"wp:attachment":[{"href":"https:\/\/mofiser.com\/tienda\/wp-json\/wp\/v2\/media?parent=2330"}],"wp:term":[{"taxonomy":"product_cat","embeddable":true,"href":"https:\/\/mofiser.com\/tienda\/wp-json\/wp\/v2\/product_cat?post=2330"},{"taxonomy":"product_tag","embeddable":true,"href":"https:\/\/mofiser.com\/tienda\/wp-json\/wp\/v2\/product_tag?post=2330"}],"curies":[{"name":"wp","href":"https:\/\/api.w.org\/{rel}","templated":true}]}}