{"id":2199,"date":"2024-12-27T12:19:31","date_gmt":"2024-12-27T11:19:31","guid":{"rendered":"https:\/\/mofiser.com\/tienda\/?post_type=product&#038;p=2199"},"modified":"2025-03-10T17:00:40","modified_gmt":"2025-03-10T16:00:40","slug":"dot-pro-dot-home-colour-edition","status":"publish","type":"product","link":"https:\/\/mofiser.com\/tienda\/producto\/dot-pro-dot-home-colour-edition\/","title":{"rendered":"Dot Pro (Dot Home) Colour Edition"},"content":{"rendered":"<p>Disponemos de tres modelos de la Dot Pro (Dot Home): <strong>Black<\/strong>, <strong>White<\/strong> y <strong>Colour Edition<\/strong>.<\/p>\n<p><em>(Si buscas los otros modelos, por favor busca en nuestra tienda online).<\/em><\/p>\n<p>&nbsp;<\/p>\n<p>&nbsp;<\/p>\n<p><strong>DOT PRO (DOT HOME) COLOUR EDITION<\/strong><\/p>\n<p><strong>Sin cabezal<\/strong><\/p>\n<p>\u2013\u00a0Mecanismo Sincro: El respaldo y el asiento se desplazan hacia atr\u00e1s con el movimiento del usuario para una mejor posici\u00f3n de espalda.<\/p>\n<p>\u2013\u00a0Elevaci\u00f3n neum\u00e1tica: Para cambiar la altura del asiento.<\/p>\n<p>\u2013\u00a0Respaldo taspirable: Con malla meci negra.<\/p>\n<p>\u2013\u00a0Marco del respaldo: Negro y regulaci\u00f3n lumbar Flex.<\/p>\n<p>\u2013\u00a0Asiento: Tapizado. Color a elegir.<\/p>\n<p>\u2013\u00a0Brazos: Regulables en altura.<\/p>\n<p>\u2013\u00a0Ruedas dobles: Ruedas blandas ideales para suelo de m\u00e1rmol, parquet y cer\u00e1mica.<\/p>\n<p>\u2013\u00a0Base estrellada: De poliamida negra.<\/p>\n<p>&nbsp;<\/p>\n<p>&nbsp;<\/p>\n<p><strong>DOT PRO (DOT HOME) COLOUR EDITION<br \/>\n<\/strong><\/p>\n<p><strong>Con cabezal +70\u20ac<br \/>\n<\/strong><\/p>\n<p><em>Se mantienen las especificaciones de la silla Dot Pro Colour Edition sin cabezal, excepto:<br \/>\n<\/em><\/p>\n<p>\u2013\u00a0Trasla en el asiento: Asiento regulable hacia adelante.<\/p>\n<p>\u2013\u00a0Cabezal: Regulable en altura e inclinaci\u00f3n.<\/p>\n<p>\u2013\u00a0Brazos: Regulables en altura, profundidad y \u00e1ngulo.<\/p>\n","protected":false},"excerpt":{"rendered":"<p>Silla Dot Pro de Grupo Forma 5.<\/p>\n<p>Dise\u00f1ada para innovar el sector de siller\u00eda.<\/p>\n<p><em>Requiere montaje.<\/em><\/p>\n<p><strong>**La silla cambiar\u00e1 el mecanismo y los brazos dependiendo de si la eliges sin cabezal o con cabezal. M\u00e1s informaci\u00f3n en la descripci\u00f3n.**<\/strong><\/p>\n<p><strong>Otras ediciones y los modelos personalizables tienen otros precios, por favor cons\u00faltenos para m\u00e1s informaci\u00f3n.<\/strong><\/p>\n<p>&nbsp;<\/p>\n<p>&nbsp;<\/p>\n<h3 style=\"text-align: center\">Seleccione m\u00e1s abajo el color del asiento y el cabezal:<\/h3>\n","protected":false},"featured_media":2203,"template":"","meta":{"_joinchat":[]},"product_cat":[131],"product_tag":[],"class_list":{"0":"post-2199","1":"product","2":"type-product","3":"status-publish","4":"has-post-thumbnail","6":"product_cat-sillas-teletrabajo","8":"first","9":"instock","10":"sale","11":"taxable","12":"shipping-taxable","13":"purchasable","14":"product-type-variable"},"_links":{"self":[{"href":"https:\/\/mofiser.com\/tienda\/wp-json\/wp\/v2\/product\/2199","targetHints":{"allow":["GET"]}}],"collection":[{"href":"https:\/\/mofiser.com\/tienda\/wp-json\/wp\/v2\/product"}],"about":[{"href":"https:\/\/mofiser.com\/tienda\/wp-json\/wp\/v2\/types\/product"}],"version-history":[{"count":19,"href":"https:\/\/mofiser.com\/tienda\/wp-json\/wp\/v2\/product\/2199\/revisions"}],"predecessor-version":[{"id":6202,"href":"https:\/\/mofiser.com\/tienda\/wp-json\/wp\/v2\/product\/2199\/revisions\/6202"}],"wp:featuredmedia":[{"embeddable":true,"href":"https:\/\/mofiser.com\/tienda\/wp-json\/wp\/v2\/media\/2203"}],"wp:attachment":[{"href":"https:\/\/mofiser.com\/tienda\/wp-json\/wp\/v2\/media?parent=2199"}],"wp:term":[{"taxonomy":"product_cat","embeddable":true,"href":"https:\/\/mofiser.com\/tienda\/wp-json\/wp\/v2\/product_cat?post=2199"},{"taxonomy":"product_tag","embeddable":true,"href":"https:\/\/mofiser.com\/tienda\/wp-json\/wp\/v2\/product_tag?post=2199"}],"curies":[{"name":"wp","href":"https:\/\/api.w.org\/{rel}","templated":true}]}}