{"id":1926,"date":"2024-04-08T01:05:18","date_gmt":"2024-04-07T23:05:18","guid":{"rendered":"https:\/\/mofiser.com\/tienda\/?post_type=product&#038;p=1926"},"modified":"2024-04-08T01:05:18","modified_gmt":"2024-04-07T23:05:18","slug":"taquilla-patinete-emobok","status":"publish","type":"product","link":"https:\/\/mofiser.com\/tienda\/producto\/taquilla-patinete-emobok\/","title":{"rendered":"Taquilla patinete Emobok"},"content":{"rendered":"<p><span style=\"color: #404040;\"><span style=\"font-family: Arial, sans-serif;\"><span style=\"font-size: medium;\">ESTRUCTURA: Formada por carcasa en melamina en diferentes <\/span><\/span><\/span><span style=\"color: #404040;\"><span style=\"font-family: Arial, sans-serif;\"><span style=\"font-size: medium;\">espesores. Laterales en 30 mm de espesor, techo y trasera inferior en 19 mm de espesor y traseras superiores en 10 mm de espesor. Balda en compacmel de 13 mm de espesor con rebajes para facilitar la colaci\u00f3n de los patinetes que a su vez quedan asegurados una vez cerrada la puerta.<\/span><\/span><\/span><\/p>\n<p align=\"left\"><span style=\"color: #404040;\"><span style=\"font-family: Arial, sans-serif;\"><span style=\"font-size: medium;\">Acabado antracita-negro.<\/span><\/span><\/span><\/p>\n<p align=\"left\"><span style=\"color: #404040;\"><span style=\"font-family: Arial, sans-serif;\"><span style=\"font-size: medium;\">PUERTAS: En compacmel de 13 mm de espesor en diferentes acabados. La numeraci\u00f3n de las puertas se realiza mediante grabado del tablero. Incluye cerradura est\u00e1ndar por combinaci\u00f3n mec\u00e1nica. Tambi\u00e9n disponible cierre digital por pulseras RFID e incluso mediante aplicaci\u00f3n m\u00f3vil.<\/span><\/span><\/span><\/p>\n<p align=\"left\"><span style=\"color: #404040;\"><span style=\"font-family: Arial, sans-serif;\"><span style=\"font-size: medium;\">PIES MET\u00c1LICOS: Niveladores c\u00f3nicos negros disponibles tanto en formato individual como en doble, para concatenar diferentes taquillas.<\/span><\/span><\/span><\/p>\n<p align=\"left\"><span style=\"color: #404040;\"><span style=\"font-family: Arial, sans-serif;\"><span style=\"font-size: medium;\">ESTANTE INTERIOR: En compacmel de 13 mm de espesor en acabado negro dispone de 2 ranuras para sostener el ponibox en caso de que sea necesario. Adem\u00e1s, esas ranuras facilitan el paso del cableado desde la parte superior del estante hasta el sistema de carga.<\/span><\/span><\/span><\/p>\n<p align=\"left\"><span style=\"color: #404040;\"><span style=\"font-family: Arial, sans-serif;\"><span style=\"font-size: medium;\">SISTEMA DE CARGA: Cada m\u00f3dulo incluye 1 enchufe tipo C para la carga <\/span><\/span><\/span><span style=\"color: #404040;\"><span style=\"font-family: Arial, sans-serif;\"><span style=\"font-size: medium;\">de patinetes, as\u00ed como otros objetos electr\u00f3nicos. Para otro tipo de <\/span><\/span><\/span><span style=\"color: #404040;\"><span style=\"font-family: Arial, sans-serif;\"><span style=\"font-size: medium;\">enchufes consultar con el departamento t\u00e9cnico.<\/span><\/span><\/span><\/p>\n<p align=\"left\"><span style=\"font-family: Arial, sans-serif;\"><span style=\"font-size: medium;\"><span style=\"color: #404040;\">Medidas <\/span><span style=\"color: #404040;\">848<\/span><span style=\"color: #404040;\"> x <\/span><span style=\"color: #404040;\">50<\/span><span style=\"color: #404040;\">0 x <\/span><span style=\"color: #404040;\">1925<\/span><\/span><\/span><\/p>\n","protected":false},"excerpt":{"rendered":"<p>ESTRUCTURA: Formada por carcasa en melamina en diferentes espesores. Laterales en 30 mm de espesor, techo y trasera inferior en<\/p>\n","protected":false},"featured_media":1928,"template":"","meta":{"_joinchat":[]},"product_cat":[130],"product_tag":[],"class_list":{"0":"post-1926","1":"product","2":"type-product","3":"status-publish","4":"has-post-thumbnail","6":"product_cat-muebles-coworking","8":"first","9":"instock","10":"taxable","11":"shipping-taxable","12":"purchasable","13":"product-type-simple"},"_links":{"self":[{"href":"https:\/\/mofiser.com\/tienda\/wp-json\/wp\/v2\/product\/1926","targetHints":{"allow":["GET"]}}],"collection":[{"href":"https:\/\/mofiser.com\/tienda\/wp-json\/wp\/v2\/product"}],"about":[{"href":"https:\/\/mofiser.com\/tienda\/wp-json\/wp\/v2\/types\/product"}],"version-history":[{"count":0,"href":"https:\/\/mofiser.com\/tienda\/wp-json\/wp\/v2\/product\/1926\/revisions"}],"wp:featuredmedia":[{"embeddable":true,"href":"https:\/\/mofiser.com\/tienda\/wp-json\/wp\/v2\/media\/1928"}],"wp:attachment":[{"href":"https:\/\/mofiser.com\/tienda\/wp-json\/wp\/v2\/media?parent=1926"}],"wp:term":[{"taxonomy":"product_cat","embeddable":true,"href":"https:\/\/mofiser.com\/tienda\/wp-json\/wp\/v2\/product_cat?post=1926"},{"taxonomy":"product_tag","embeddable":true,"href":"https:\/\/mofiser.com\/tienda\/wp-json\/wp\/v2\/product_tag?post=1926"}],"curies":[{"name":"wp","href":"https:\/\/api.w.org\/{rel}","templated":true}]}}