{"id":1918,"date":"2024-04-08T00:58:46","date_gmt":"2024-04-07T22:58:46","guid":{"rendered":"https:\/\/mofiser.com\/tienda\/?post_type=product&#038;p=1918"},"modified":"2024-04-08T00:58:46","modified_gmt":"2024-04-07T22:58:46","slug":"office-cocina-emobok","status":"publish","type":"product","link":"https:\/\/mofiser.com\/tienda\/producto\/office-cocina-emobok\/","title":{"rendered":"Office-cocina Emobok"},"content":{"rendered":"<p>Office-Cocina sin servicios con niveladores.<\/p>\n<p>Posibilidad de incluirle servicios como fregador-grifo. (La instalaci\u00f3n no necesita conexi\u00f3n a la red) electrificaci\u00f3n y dos biombos de agua.<\/p>\n<p>Medidas 1900 x 1220 x 630<\/p>\n","protected":false},"excerpt":{"rendered":"<p>Office-Cocina sin servicios con niveladores. Posibilidad de incluirle servicios como fregador-grifo. (La instalaci\u00f3n no necesita conexi\u00f3n a la red) electrificaci\u00f3n<\/p>\n","protected":false},"featured_media":1919,"template":"","meta":{"_joinchat":[]},"product_cat":[130],"product_tag":[],"class_list":{"0":"post-1918","1":"product","2":"type-product","3":"status-publish","4":"has-post-thumbnail","6":"product_cat-muebles-coworking","8":"first","9":"instock","10":"taxable","11":"shipping-taxable","12":"purchasable","13":"product-type-simple"},"_links":{"self":[{"href":"https:\/\/mofiser.com\/tienda\/wp-json\/wp\/v2\/product\/1918","targetHints":{"allow":["GET"]}}],"collection":[{"href":"https:\/\/mofiser.com\/tienda\/wp-json\/wp\/v2\/product"}],"about":[{"href":"https:\/\/mofiser.com\/tienda\/wp-json\/wp\/v2\/types\/product"}],"version-history":[{"count":0,"href":"https:\/\/mofiser.com\/tienda\/wp-json\/wp\/v2\/product\/1918\/revisions"}],"wp:featuredmedia":[{"embeddable":true,"href":"https:\/\/mofiser.com\/tienda\/wp-json\/wp\/v2\/media\/1919"}],"wp:attachment":[{"href":"https:\/\/mofiser.com\/tienda\/wp-json\/wp\/v2\/media?parent=1918"}],"wp:term":[{"taxonomy":"product_cat","embeddable":true,"href":"https:\/\/mofiser.com\/tienda\/wp-json\/wp\/v2\/product_cat?post=1918"},{"taxonomy":"product_tag","embeddable":true,"href":"https:\/\/mofiser.com\/tienda\/wp-json\/wp\/v2\/product_tag?post=1918"}],"curies":[{"name":"wp","href":"https:\/\/api.w.org\/{rel}","templated":true}]}}