{"id":1798,"date":"2024-04-05T01:58:25","date_gmt":"2024-04-04T23:58:25","guid":{"rendered":"https:\/\/mofiser.com\/tienda\/?post_type=product&#038;p=1798"},"modified":"2025-03-18T13:23:27","modified_gmt":"2025-03-18T12:23:27","slug":"tono","status":"publish","type":"product","link":"https:\/\/mofiser.com\/tienda\/producto\/tono\/","title":{"rendered":"Tono"},"content":{"rendered":"<p align=\"left\"><span style=\"font-family: Arial, sans-serif\"><span style=\"font-size: medium\">Planos de trabajo en tablero aglomerado de part\u00edculas de madera, <\/span><\/span><span style=\"font-family: Arial, sans-serif\"><span style=\"font-size: medium\">disponible en 19 mm de grosor, encolado con resinas sint\u00e9ticas, de <\/span><\/span><span style=\"font-family: Arial, sans-serif\"><span style=\"font-size: medium\">densidad media 650 kg\/m3. <\/span><\/span><span style=\"font-family: Arial, sans-serif\"><span style=\"font-size: medium\">Encimeras Luxe Zenit y Syncron.\u00a0<\/span><\/span><span style=\"font-family: Arial, sans-serif\"><span style=\"font-size: medium\">Encimeras de 18mm de grosor fabricadas en nuestras plantas de <\/span><\/span><span style=\"font-family: Arial, sans-serif\"><span style=\"font-size: medium\">producci\u00f3n. Con crom\u00e1tica muy actual, de dise\u00f1o y calidad excelentes. <\/span><\/span><span style=\"font-family: Arial, sans-serif\"><span style=\"font-size: medium\">Luxe es una superficie lacada en brillo con efecto espejo, alta resistencia <\/span><\/span><span style=\"font-family: Arial, sans-serif\"><span style=\"font-size: medium\">y anti-huellas.<\/span><\/span><\/p>\n<p align=\"left\"><span style=\"font-family: Arial, sans-serif\"><span style=\"font-size: medium\">Estructura de patas ovales de 60&#215;30 mm y 2mm de espesor , los travesa\u00f1os son de 50&#215;30 mm y espesor 3mm, y largueros de 50x30mm y 2 mm de espesor.<\/span><\/span><\/p>\n<p align=\"left\"><span style=\"font-family: Arial, sans-serif\"><span style=\"font-size: medium\">Las patas de los laterales van equipadas con niveladores para la <\/span><\/span><span style=\"font-family: Arial, sans-serif\"><span style=\"font-size: medium\">regulaci\u00f3n en altura, en polipropileno con soleta antideslizante.<\/span><\/span><\/p>\n<p align=\"left\"><span style=\"font-family: Arial, sans-serif\"><span style=\"font-size: medium\">Tapafinales de polietileno torniller\u00eda de M6.<\/span><\/span><\/p>\n<p align=\"left\"><span style=\"font-family: Arial, sans-serif\"><span style=\"font-size: medium\">Sistema de cableado recomendado<\/span><\/span><\/p>\n<p><span style=\"font-family: Arial, sans-serif\"><span style=\"font-size: medium\">Tono dispone de un sistema de cableado sencillo<\/span><\/span><\/p>\n","protected":false},"excerpt":{"rendered":"<p>Mesa Tono de Ofitres.<\/p>\n<p>M\u00faltiples oportunidades en un solo producto.<\/p>\n<p><em>Requiere montaje.<\/em><\/p>\n<p><strong>Precio informativo. Si desea saber m\u00e1s sobre sus colores, medidas, complementos adicionales y precios exactos, por favor cont\u00e1ctenos<\/strong>.<\/p>\n","protected":false},"featured_media":1799,"template":"","meta":{"_joinchat":[]},"product_cat":[127],"product_tag":[],"class_list":{"0":"post-1798","1":"product","2":"type-product","3":"status-publish","4":"has-post-thumbnail","6":"product_cat-mesas-de-oficina","8":"first","9":"instock","10":"taxable","11":"shipping-taxable","12":"purchasable","13":"product-type-simple"},"_links":{"self":[{"href":"https:\/\/mofiser.com\/tienda\/wp-json\/wp\/v2\/product\/1798","targetHints":{"allow":["GET"]}}],"collection":[{"href":"https:\/\/mofiser.com\/tienda\/wp-json\/wp\/v2\/product"}],"about":[{"href":"https:\/\/mofiser.com\/tienda\/wp-json\/wp\/v2\/types\/product"}],"version-history":[{"count":3,"href":"https:\/\/mofiser.com\/tienda\/wp-json\/wp\/v2\/product\/1798\/revisions"}],"predecessor-version":[{"id":6419,"href":"https:\/\/mofiser.com\/tienda\/wp-json\/wp\/v2\/product\/1798\/revisions\/6419"}],"wp:featuredmedia":[{"embeddable":true,"href":"https:\/\/mofiser.com\/tienda\/wp-json\/wp\/v2\/media\/1799"}],"wp:attachment":[{"href":"https:\/\/mofiser.com\/tienda\/wp-json\/wp\/v2\/media?parent=1798"}],"wp:term":[{"taxonomy":"product_cat","embeddable":true,"href":"https:\/\/mofiser.com\/tienda\/wp-json\/wp\/v2\/product_cat?post=1798"},{"taxonomy":"product_tag","embeddable":true,"href":"https:\/\/mofiser.com\/tienda\/wp-json\/wp\/v2\/product_tag?post=1798"}],"curies":[{"name":"wp","href":"https:\/\/api.w.org\/{rel}","templated":true}]}}