{"id":1731,"date":"2024-04-04T03:18:36","date_gmt":"2024-04-04T01:18:36","guid":{"rendered":"https:\/\/mofiser.com\/tienda\/?post_type=product&#038;p=1731"},"modified":"2025-03-18T13:19:17","modified_gmt":"2025-03-18T12:19:17","slug":"lets-work","status":"publish","type":"product","link":"https:\/\/mofiser.com\/tienda\/producto\/lets-work\/","title":{"rendered":"Lets Work"},"content":{"rendered":"<p><span style=\"font-family: Arial, sans-serif\">Mesa Mod Let&#8217;s Work, e<span style=\"font-size: medium\">structura fija realizada en varilla maciza de acero de \u00d8 11 mm recubierta con pintura epoxi de 80 micras de espesor. La estructura con forma de marco rectangular, incorpora un tirante de apoyo a la tapa para rigidizar la mesa. Cada pedestal <\/span><\/span><span style=\"font-family: Arial, sans-serif\"><span style=\"font-size: medium\">incorpora dos niveladores de aluminio para compensar peque\u00f1os desajustes en la superficie de apoyo.<\/span><\/span><\/p>\n<p><span style=\"font-family: Arial, sans-serif\">Muchas posibilidades de personalizaci\u00f3n, as\u00ed como, de m\u00e1s medidas y electrificaci\u00f3n.<\/span><\/p>\n","protected":false},"excerpt":{"rendered":"<p>Mesa Let&#8217;s Work de Forma 5.<\/p>\n<p>Para una oficina integral.<\/p>\n<p><em>Requiere montaje.<\/em><\/p>\n<p><strong>Precio informativo. Si desea saber m\u00e1s sobre sus colores, medidas, complementos adicionales y precios exactos, por favor cont\u00e1ctenos.<\/strong><\/p>\n","protected":false},"featured_media":1732,"template":"","meta":{"_joinchat":[]},"product_cat":[127],"product_tag":[],"class_list":{"0":"post-1731","1":"product","2":"type-product","3":"status-publish","4":"has-post-thumbnail","6":"product_cat-mesas-de-oficina","8":"first","9":"instock","10":"taxable","11":"shipping-taxable","12":"purchasable","13":"product-type-simple"},"_links":{"self":[{"href":"https:\/\/mofiser.com\/tienda\/wp-json\/wp\/v2\/product\/1731","targetHints":{"allow":["GET"]}}],"collection":[{"href":"https:\/\/mofiser.com\/tienda\/wp-json\/wp\/v2\/product"}],"about":[{"href":"https:\/\/mofiser.com\/tienda\/wp-json\/wp\/v2\/types\/product"}],"version-history":[{"count":3,"href":"https:\/\/mofiser.com\/tienda\/wp-json\/wp\/v2\/product\/1731\/revisions"}],"predecessor-version":[{"id":6415,"href":"https:\/\/mofiser.com\/tienda\/wp-json\/wp\/v2\/product\/1731\/revisions\/6415"}],"wp:featuredmedia":[{"embeddable":true,"href":"https:\/\/mofiser.com\/tienda\/wp-json\/wp\/v2\/media\/1732"}],"wp:attachment":[{"href":"https:\/\/mofiser.com\/tienda\/wp-json\/wp\/v2\/media?parent=1731"}],"wp:term":[{"taxonomy":"product_cat","embeddable":true,"href":"https:\/\/mofiser.com\/tienda\/wp-json\/wp\/v2\/product_cat?post=1731"},{"taxonomy":"product_tag","embeddable":true,"href":"https:\/\/mofiser.com\/tienda\/wp-json\/wp\/v2\/product_tag?post=1731"}],"curies":[{"name":"wp","href":"https:\/\/api.w.org\/{rel}","templated":true}]}}