{"id":1701,"date":"2024-04-04T03:02:41","date_gmt":"2024-04-04T01:02:41","guid":{"rendered":"https:\/\/mofiser.com\/tienda\/?post_type=product&#038;p=1701"},"modified":"2025-03-18T10:03:34","modified_gmt":"2025-03-18T09:03:34","slug":"emovity","status":"publish","type":"product","link":"https:\/\/mofiser.com\/tienda\/producto\/emovity\/","title":{"rendered":"Emovity"},"content":{"rendered":"<p align=\"justify\"><span style=\"font-family: Arial, sans-serif\">La elevaci\u00f3n en altura se convierte en la alternativa perfecta pudiendo alternar entre estar sentado y de pie estimulando as\u00ed la postura f\u00edsica y su actividad mental. Emo-Vity es precisi\u00f3n, ergonom\u00eda y dise\u00f1o.<\/span><\/p>\n<p align=\"justify\"><span style=\"font-family: Arial, sans-serif\">Tapa de 19mm. Color a elegir, patas tipo columna motorizada, accionamiento con botonera sencilla y elegante con posibilidades de personalizaci\u00f3n, as\u00ed como, de m\u00e1s medidas y electrificaci\u00f3n.<\/span><\/p>\n","protected":false},"excerpt":{"rendered":"<p>Mesa Emovity de Emobok.<\/p>\n<p>Te permite cambiar de entre sentado o de pie para una mejor postura.<\/p>\n<p><em>Requiere montaje.<\/em><\/p>\n<p><strong>Precio informativo. Si desea saber m\u00e1s sobre sus colores, medidas, complementos adicionales y precios exactos, por favor cont\u00e1ctenos.<\/strong><\/p>\n","protected":false},"featured_media":1702,"template":"","meta":{"_joinchat":[]},"product_cat":[127],"product_tag":[],"class_list":{"0":"post-1701","1":"product","2":"type-product","3":"status-publish","4":"has-post-thumbnail","6":"product_cat-mesas-de-oficina","8":"first","9":"instock","10":"taxable","11":"shipping-taxable","12":"purchasable","13":"product-type-simple"},"_links":{"self":[{"href":"https:\/\/mofiser.com\/tienda\/wp-json\/wp\/v2\/product\/1701","targetHints":{"allow":["GET"]}}],"collection":[{"href":"https:\/\/mofiser.com\/tienda\/wp-json\/wp\/v2\/product"}],"about":[{"href":"https:\/\/mofiser.com\/tienda\/wp-json\/wp\/v2\/types\/product"}],"version-history":[{"count":1,"href":"https:\/\/mofiser.com\/tienda\/wp-json\/wp\/v2\/product\/1701\/revisions"}],"predecessor-version":[{"id":6376,"href":"https:\/\/mofiser.com\/tienda\/wp-json\/wp\/v2\/product\/1701\/revisions\/6376"}],"wp:featuredmedia":[{"embeddable":true,"href":"https:\/\/mofiser.com\/tienda\/wp-json\/wp\/v2\/media\/1702"}],"wp:attachment":[{"href":"https:\/\/mofiser.com\/tienda\/wp-json\/wp\/v2\/media?parent=1701"}],"wp:term":[{"taxonomy":"product_cat","embeddable":true,"href":"https:\/\/mofiser.com\/tienda\/wp-json\/wp\/v2\/product_cat?post=1701"},{"taxonomy":"product_tag","embeddable":true,"href":"https:\/\/mofiser.com\/tienda\/wp-json\/wp\/v2\/product_tag?post=1701"}],"curies":[{"name":"wp","href":"https:\/\/api.w.org\/{rel}","templated":true}]}}