{"id":1657,"date":"2024-04-04T02:34:47","date_gmt":"2024-04-04T00:34:47","guid":{"rendered":"https:\/\/mofiser.com\/tienda\/?post_type=product&#038;p=1657"},"modified":"2025-03-10T18:19:49","modified_gmt":"2025-03-10T17:19:49","slug":"sheru","status":"publish","type":"product","link":"https:\/\/mofiser.com\/tienda\/producto\/sheru\/","title":{"rendered":"Sheru"},"content":{"rendered":"<p>Presentamos el siguiente modelo:<\/p>\n<p><em>(Si quieres personalizarlo a\u00fan m\u00e1s de lo que disponemos en nuestra web, por favor cont\u00e1ctanos).<\/em><\/p>\n<p>&nbsp;<\/p>\n<p>&nbsp;<\/p>\n<p><strong>Silla Sheru tapizada con ruedas:<\/strong><\/p>\n<p>\u2013\u00a0Mecanismo Sincro Autopesante: El respaldo y el asiento se desplazan hacia atr\u00e1s con el movimiento del usuario de manera autom\u00e1tica para una mejor posici\u00f3n de la espalda.<\/p>\n<p>\u2013\u00a0Elevaci\u00f3n neum\u00e1tica: Para cambiar la altura del asiento.<\/p>\n<p>\u2013\u00a0Asiento, brazos y respaldo tapizados: Con una capa de viscoel\u00e1stica para su comodidad.<\/p>\n<p>\u2013 Base estrellada: Negra a elegir entre base poliamida pir\u00e1mide y base de aluminio pulido <strong>(+45\u20ac).<\/strong><\/p>\n<p>\u2013\u00a0Ruedas dobles: Autofrenadas.<\/p>\n<p>\u2013\u00a0Env\u00edo directo <strong>(Opcional, +22\u20ac)<\/strong>: No necesitas pasar por nuestra tienda a recogerlo, te llegar\u00e1 <strong>A PIE DE CALLE.<\/strong><\/p>\n","protected":false},"excerpt":{"rendered":"<p>Silla Sheru de Delaoliva.<\/p>\n<p>Sillas suaves y decorativas.<\/p>\n<p><strong>Puede solicitar ver otros modelos con m\u00e1s opciones. Para m\u00e1s informaci\u00f3n, por favor cons\u00faltenos.<\/strong><\/p>\n<p>&nbsp;<\/p>\n<p>&nbsp;<\/p>\n<h3 style=\"text-align: center\">Seleccione m\u00e1s abajo el color del tapizado y la base:<\/h3>\n","protected":false},"featured_media":4423,"template":"","meta":{"_joinchat":[]},"product_cat":[85],"product_tag":[],"class_list":{"0":"post-1657","1":"product","2":"type-product","3":"status-publish","4":"has-post-thumbnail","6":"product_cat-sillas-de-oficina","8":"first","9":"instock","10":"sale","11":"taxable","12":"shipping-taxable","13":"purchasable","14":"product-type-variable"},"_links":{"self":[{"href":"https:\/\/mofiser.com\/tienda\/wp-json\/wp\/v2\/product\/1657","targetHints":{"allow":["GET"]}}],"collection":[{"href":"https:\/\/mofiser.com\/tienda\/wp-json\/wp\/v2\/product"}],"about":[{"href":"https:\/\/mofiser.com\/tienda\/wp-json\/wp\/v2\/types\/product"}],"version-history":[{"count":16,"href":"https:\/\/mofiser.com\/tienda\/wp-json\/wp\/v2\/product\/1657\/revisions"}],"predecessor-version":[{"id":6216,"href":"https:\/\/mofiser.com\/tienda\/wp-json\/wp\/v2\/product\/1657\/revisions\/6216"}],"wp:featuredmedia":[{"embeddable":true,"href":"https:\/\/mofiser.com\/tienda\/wp-json\/wp\/v2\/media\/4423"}],"wp:attachment":[{"href":"https:\/\/mofiser.com\/tienda\/wp-json\/wp\/v2\/media?parent=1657"}],"wp:term":[{"taxonomy":"product_cat","embeddable":true,"href":"https:\/\/mofiser.com\/tienda\/wp-json\/wp\/v2\/product_cat?post=1657"},{"taxonomy":"product_tag","embeddable":true,"href":"https:\/\/mofiser.com\/tienda\/wp-json\/wp\/v2\/product_tag?post=1657"}],"curies":[{"name":"wp","href":"https:\/\/api.w.org\/{rel}","templated":true}]}}