{"id":1650,"date":"2024-04-04T02:31:31","date_gmt":"2024-04-04T00:31:31","guid":{"rendered":"https:\/\/mofiser.com\/tienda\/?post_type=product&#038;p=1650"},"modified":"2025-03-10T17:04:15","modified_gmt":"2025-03-10T16:04:15","slug":"sense","status":"publish","type":"product","link":"https:\/\/mofiser.com\/tienda\/producto\/sense\/","title":{"rendered":"Sense (Home Edition)"},"content":{"rendered":"<p align=\"justify\"><span style=\"font-family: Arial, sans-serif\">Disponemos del siguiente modelo:<br \/>\n<\/span><\/p>\n<p align=\"justify\">\u200e<\/p>\n<p align=\"justify\">\u200e<\/p>\n<p align=\"justify\">\u200e<\/p>\n<p align=\"justify\"><strong>Silla Sense:<\/strong><\/p>\n<p align=\"justify\"><strong>Sin cabezal<\/strong><\/p>\n<p align=\"justify\">\u2013\u00a0Mecanismo Sincro: El respaldo y el asiento se desplazan hacia atr\u00e1s con el movimiento del usuario para una mejor posici\u00f3n de la espalda.<\/p>\n<p align=\"justify\">\u2013\u00a0Elevaci\u00f3n neum\u00e1tica: Para cambiar la altura del asiento.<\/p>\n<p align=\"justify\">\u2013\u00a0Respaldo traspirable: Malla meci negra.<\/p>\n<p align=\"justify\">\u2013\u00a0Marco del respaldo: Negro y regulaci\u00f3n lumbar asim\u00e9trica.<\/p>\n<p align=\"justify\">\u2013\u00a0Asiento: Tapizado con color a elegir.<\/p>\n<p><strong>**Si elige el color negro, el env\u00edo ser\u00e1 m\u00e1s r\u00e1pido**.<\/strong><\/p>\n<p>\u2013\u00a0Brazos: Con regulaci\u00f3n en altura.<\/p>\n<p>\u2013\u00a0Ruedas dobles: Ruedas blandas ideales para suelo de m\u00e1rmol, parquet y cer\u00e1mica.<\/p>\n<p>\u2013\u00a0Base estrellada: De poliamida negra.<\/p>\n<p>&nbsp;<\/p>\n<p><strong>Silla Sense:<\/strong><\/p>\n<p><strong>Con cabezal +109\u20ac<\/strong><\/p>\n<p><em>Se mantienen las especificaciones con el modelo Sense sin cabezal, excepto:<\/em><\/p>\n<p>\u2013\u00a0Brazos: Regulables hacia adelante y atr\u00e1s, dentro y fuera y en altura.<\/p>\n<p>\u2013\u00a0Cabezal: Regulable en altura y \u00e1ngulo.<\/p>\n","protected":false},"excerpt":{"rendered":"<p>Silla Sense de Grupo Forma 5.<\/p>\n<p>Desarrollado para tu m\u00e1xima ergonom\u00eda.<\/p>\n<p>&nbsp;<\/p>\n<p>&nbsp;<\/p>\n<h3 style=\"text-align: center\">Seleccione m\u00e1s abajo el color del asiento y el cabezal:<\/h3>\n","protected":false},"featured_media":2289,"template":"","meta":{"_joinchat":[]},"product_cat":[131],"product_tag":[],"class_list":{"0":"post-1650","1":"product","2":"type-product","3":"status-publish","4":"has-post-thumbnail","6":"product_cat-sillas-teletrabajo","8":"first","9":"instock","10":"sale","11":"taxable","12":"shipping-taxable","13":"purchasable","14":"product-type-variable"},"_links":{"self":[{"href":"https:\/\/mofiser.com\/tienda\/wp-json\/wp\/v2\/product\/1650","targetHints":{"allow":["GET"]}}],"collection":[{"href":"https:\/\/mofiser.com\/tienda\/wp-json\/wp\/v2\/product"}],"about":[{"href":"https:\/\/mofiser.com\/tienda\/wp-json\/wp\/v2\/types\/product"}],"version-history":[{"count":15,"href":"https:\/\/mofiser.com\/tienda\/wp-json\/wp\/v2\/product\/1650\/revisions"}],"predecessor-version":[{"id":6205,"href":"https:\/\/mofiser.com\/tienda\/wp-json\/wp\/v2\/product\/1650\/revisions\/6205"}],"wp:featuredmedia":[{"embeddable":true,"href":"https:\/\/mofiser.com\/tienda\/wp-json\/wp\/v2\/media\/2289"}],"wp:attachment":[{"href":"https:\/\/mofiser.com\/tienda\/wp-json\/wp\/v2\/media?parent=1650"}],"wp:term":[{"taxonomy":"product_cat","embeddable":true,"href":"https:\/\/mofiser.com\/tienda\/wp-json\/wp\/v2\/product_cat?post=1650"},{"taxonomy":"product_tag","embeddable":true,"href":"https:\/\/mofiser.com\/tienda\/wp-json\/wp\/v2\/product_tag?post=1650"}],"curies":[{"name":"wp","href":"https:\/\/api.w.org\/{rel}","templated":true}]}}