{"id":1633,"date":"2024-04-04T02:28:55","date_gmt":"2024-04-04T00:28:55","guid":{"rendered":"https:\/\/mofiser.com\/tienda\/?post_type=product&#038;p=1633"},"modified":"2025-03-18T19:56:01","modified_gmt":"2025-03-18T18:56:01","slug":"new-light","status":"publish","type":"product","link":"https:\/\/mofiser.com\/tienda\/producto\/new-light\/","title":{"rendered":"New Light Negra"},"content":{"rendered":"<p>Disponemos de dos modelos: <strong>New Light Negra (sin cabezal)<\/strong> y <strong>New Light Negra (con cabezal)<\/strong><\/p>\n<p>&nbsp;<\/p>\n<p>&nbsp;<\/p>\n<p><strong>New Light Negra (sin cabezal):<\/strong><\/p>\n<p>\u2013\u00a0Mecanismo Sincro regulable: El respaldo y el asiento se desplazan hacia atr\u00e1s con el movimiento del usuario para una mejor posici\u00f3n de espalda.<\/p>\n<p>\u2013\u00a0Elevaci\u00f3n neum\u00e1tica: Para cambiar la altura del asiento.<\/p>\n<p>\u2013\u00a0Respaldo de malla: De polipropileno con malla transpirable tensada sobre marco de respaldo negro.<\/p>\n<p>\u2013 Asiento: Tapizado con marco de polipropileno negro y regulaci\u00f3n lumbar.<\/p>\n<p>\u2013\u00a0Brazos: Negros regulables en alto y profundidad.<\/p>\n<p>\u2013\u00a0Ruedas: De 65 mm de di\u00e1metro autofrenada.<\/p>\n<p>\u2013\u00a0Base poliamida pir\u00e1mide: De 640 mm de di\u00e1metro.<\/p>\n<p>&nbsp;<\/p>\n<p>&nbsp;<\/p>\n<p><strong>New Light Negra (con cabezal +50\u20ac):<\/strong><\/p>\n<p><em>Se mantienen las especificaciones de la Silla negra sin cabezal.<\/em><\/p>\n","protected":false},"excerpt":{"rendered":"<p>Silla New Light de Delaoliva.<\/p>\n<p>Silla moderna y c\u00f3moda.<\/p>\n<p><strong>Para m\u00e1s informaci\u00f3n de una personalizaci\u00f3n mayor, por favor cons\u00faltenos.<\/strong><\/p>\n<p>&nbsp;<\/p>\n<p>&nbsp;<\/p>\n<h3 style=\"text-align: center\">Seleccione m\u00e1s abajo el cabezal:<\/h3>\n","protected":false},"featured_media":6299,"template":"","meta":{"_joinchat":[]},"product_cat":[131],"product_tag":[],"class_list":{"0":"post-1633","1":"product","2":"type-product","3":"status-publish","4":"has-post-thumbnail","6":"product_cat-sillas-teletrabajo","8":"first","9":"instock","10":"sale","11":"taxable","12":"shipping-taxable","13":"purchasable","14":"product-type-variable"},"_links":{"self":[{"href":"https:\/\/mofiser.com\/tienda\/wp-json\/wp\/v2\/product\/1633","targetHints":{"allow":["GET"]}}],"collection":[{"href":"https:\/\/mofiser.com\/tienda\/wp-json\/wp\/v2\/product"}],"about":[{"href":"https:\/\/mofiser.com\/tienda\/wp-json\/wp\/v2\/types\/product"}],"version-history":[{"count":22,"href":"https:\/\/mofiser.com\/tienda\/wp-json\/wp\/v2\/product\/1633\/revisions"}],"predecessor-version":[{"id":2131,"href":"https:\/\/mofiser.com\/tienda\/wp-json\/wp\/v2\/product\/1633\/revisions\/2131"}],"wp:featuredmedia":[{"embeddable":true,"href":"https:\/\/mofiser.com\/tienda\/wp-json\/wp\/v2\/media\/6299"}],"wp:attachment":[{"href":"https:\/\/mofiser.com\/tienda\/wp-json\/wp\/v2\/media?parent=1633"}],"wp:term":[{"taxonomy":"product_cat","embeddable":true,"href":"https:\/\/mofiser.com\/tienda\/wp-json\/wp\/v2\/product_cat?post=1633"},{"taxonomy":"product_tag","embeddable":true,"href":"https:\/\/mofiser.com\/tienda\/wp-json\/wp\/v2\/product_tag?post=1633"}],"curies":[{"name":"wp","href":"https:\/\/api.w.org\/{rel}","templated":true}]}}