{"id":1616,"date":"2024-04-04T02:17:03","date_gmt":"2024-04-04T00:17:03","guid":{"rendered":"https:\/\/mofiser.com\/tienda\/?post_type=product&#038;p=1616"},"modified":"2025-03-26T18:04:50","modified_gmt":"2025-03-26T17:04:50","slug":"bloom","status":"publish","type":"product","link":"https:\/\/mofiser.com\/tienda\/producto\/bloom\/","title":{"rendered":"Bloom"},"content":{"rendered":"<p>Presentamos el siguiente modelo:<\/p>\n<p><em>(Si quieres personalizarlo a\u00fan m\u00e1s de lo que disponemos en nuestra web, por favor cont\u00e1ctanos).<\/em><\/p>\n<p>&nbsp;<\/p>\n<p>&nbsp;<\/p>\n<p><strong>Silla Bloom:<\/strong><\/p>\n<p>\u2013\u00a0Mecanismo Sincro: El respaldo y el asiento se desplazan hacia atr\u00e1s con el movimiento del usuario para una mejor posici\u00f3n de espalda.<\/p>\n<p>\u2013\u00a0Elevaci\u00f3n neum\u00e1tica: Para cambiar la altura del asiento.<\/p>\n<p>\u2013\u00a0Respaldo traspirable: Malla lineal o malla 3D <strong>(+6\u20ac)<\/strong> y colores a elegir.<\/p>\n<p>\u2013\u00a0Marco del respaldo: A elegir color entre negro y blanco y con regulaci\u00f3n lumbar.<\/p>\n<p>\u2013\u00a0Asiento: Tapizado con color a elegir.<\/p>\n<p>\u2013\u00a0Brazos regulables: Con regulaci\u00f3n en altura y profundidad.<\/p>\n<p>\u2013\u00a0Ruedas dobles: Ruedas blandas.<\/p>\n<p>\u2013\u00a0Base estrellada: A elegir entre poliamida y aluminio pulido, <strong>(+34\u20ac)<\/strong>.<\/p>\n<p>\u2013\u00a0Cabezal <strong>(Opcional, +61\u20ac)<\/strong>: Regulable en altura y con giro.<\/p>\n<p>\u2013\u00a0Env\u00edo directo <strong>(Opcional, +31\u20ac)<\/strong>: No necesitas pasar por nuestra tienda a recogerlo, te llegar\u00e1 <strong>A PIE DE CALLE.<\/strong><\/p>\n","protected":false},"excerpt":{"rendered":"<p>Silla Bloom de Luyando System.<\/p>\n<p>Calidad, ergonom\u00eda y medio ambiente.<\/p>\n<p>&nbsp;<\/p>\n<p>&nbsp;<\/p>\n<h3 style=\"text-align: center\">Seleccione m\u00e1s abajo toda la personalizaci\u00f3n:<\/h3>\n","protected":false},"featured_media":1621,"template":"","meta":{"_joinchat":[]},"product_cat":[85],"product_tag":[],"class_list":{"0":"post-1616","1":"product","2":"type-product","3":"status-publish","4":"has-post-thumbnail","6":"product_cat-sillas-de-oficina","8":"first","9":"instock","10":"taxable","11":"shipping-taxable","12":"purchasable","13":"product-type-variable"},"_links":{"self":[{"href":"https:\/\/mofiser.com\/tienda\/wp-json\/wp\/v2\/product\/1616","targetHints":{"allow":["GET"]}}],"collection":[{"href":"https:\/\/mofiser.com\/tienda\/wp-json\/wp\/v2\/product"}],"about":[{"href":"https:\/\/mofiser.com\/tienda\/wp-json\/wp\/v2\/types\/product"}],"version-history":[{"count":12,"href":"https:\/\/mofiser.com\/tienda\/wp-json\/wp\/v2\/product\/1616\/revisions"}],"predecessor-version":[{"id":6211,"href":"https:\/\/mofiser.com\/tienda\/wp-json\/wp\/v2\/product\/1616\/revisions\/6211"}],"wp:featuredmedia":[{"embeddable":true,"href":"https:\/\/mofiser.com\/tienda\/wp-json\/wp\/v2\/media\/1621"}],"wp:attachment":[{"href":"https:\/\/mofiser.com\/tienda\/wp-json\/wp\/v2\/media?parent=1616"}],"wp:term":[{"taxonomy":"product_cat","embeddable":true,"href":"https:\/\/mofiser.com\/tienda\/wp-json\/wp\/v2\/product_cat?post=1616"},{"taxonomy":"product_tag","embeddable":true,"href":"https:\/\/mofiser.com\/tienda\/wp-json\/wp\/v2\/product_tag?post=1616"}],"curies":[{"name":"wp","href":"https:\/\/api.w.org\/{rel}","templated":true}]}}