{"id":1604,"date":"2024-04-04T01:59:09","date_gmt":"2024-04-03T23:59:09","guid":{"rendered":"https:\/\/mofiser.com\/tienda\/?post_type=product&#038;p=1604"},"modified":"2025-03-18T19:48:08","modified_gmt":"2025-03-18T18:48:08","slug":"atika-pro","status":"publish","type":"product","link":"https:\/\/mofiser.com\/tienda\/producto\/atika-pro\/","title":{"rendered":"Atika Pro"},"content":{"rendered":"<p>Disponemos del siguiente modelo:<\/p>\n<p>&nbsp;<\/p>\n<p><strong>Atika Pro:<\/strong><\/p>\n<p>\u2013\u00a0Mecanismo Sincro regulable: El respaldo y el asiento se desplazan hacia atr\u00e1s con el movimiento del usuario para una mejor posici\u00f3n de espalda.<\/p>\n<p>\u2013\u00a0Elevaci\u00f3n neum\u00e1tica: Para cambiar la altura del asiento.<\/p>\n<p>\u2013\u00a0Respaldo de malla: Regulable en altura con malla t\u00e9cnica negra de alta resistencia.<\/p>\n<p>\u2013\u00a0Asiento: Tapizado de color a elegir.<\/p>\n<p>\u2013\u00a0Brazos: Regulables en altura, profundidad y \u00e1ngulo.<\/p>\n<p>\u2013\u00a0Ruedas dobles: Engomadas.<\/p>\n<p>\u2013\u00a0Base estrellada: De nylon negro.<\/p>\n","protected":false},"excerpt":{"rendered":"<p>Silla Atika Pro de DileOffice.<\/p>\n<p>C\u00f3moda y ligera para profesionales.<\/p>\n<p><strong>La silla Atika Pro negra (Primera imagen) estar\u00eda disponible en 48 horas, si prefiere otro acabado, ser\u00edan 8 d\u00edas.<\/strong><\/p>\n<p><strong>\u00a0<\/strong><\/p>\n<p>&nbsp;<\/p>\n<h3 style=\"text-align: center\">Seleccione m\u00e1s abajo toda la personalizaci\u00f3n:<\/h3>\n","protected":false},"featured_media":6294,"template":"","meta":{"_joinchat":[]},"product_cat":[131],"product_tag":[],"class_list":{"0":"post-1604","1":"product","2":"type-product","3":"status-publish","4":"has-post-thumbnail","6":"product_cat-sillas-teletrabajo","8":"first","9":"instock","10":"sale","11":"taxable","12":"shipping-taxable","13":"purchasable","14":"product-type-variable"},"_links":{"self":[{"href":"https:\/\/mofiser.com\/tienda\/wp-json\/wp\/v2\/product\/1604","targetHints":{"allow":["GET"]}}],"collection":[{"href":"https:\/\/mofiser.com\/tienda\/wp-json\/wp\/v2\/product"}],"about":[{"href":"https:\/\/mofiser.com\/tienda\/wp-json\/wp\/v2\/types\/product"}],"version-history":[{"count":32,"href":"https:\/\/mofiser.com\/tienda\/wp-json\/wp\/v2\/product\/1604\/revisions"}],"predecessor-version":[{"id":6440,"href":"https:\/\/mofiser.com\/tienda\/wp-json\/wp\/v2\/product\/1604\/revisions\/6440"}],"wp:featuredmedia":[{"embeddable":true,"href":"https:\/\/mofiser.com\/tienda\/wp-json\/wp\/v2\/media\/6294"}],"wp:attachment":[{"href":"https:\/\/mofiser.com\/tienda\/wp-json\/wp\/v2\/media?parent=1604"}],"wp:term":[{"taxonomy":"product_cat","embeddable":true,"href":"https:\/\/mofiser.com\/tienda\/wp-json\/wp\/v2\/product_cat?post=1604"},{"taxonomy":"product_tag","embeddable":true,"href":"https:\/\/mofiser.com\/tienda\/wp-json\/wp\/v2\/product_tag?post=1604"}],"curies":[{"name":"wp","href":"https:\/\/api.w.org\/{rel}","templated":true}]}}